{"id":14,"date":"2018-10-09T22:56:00","date_gmt":"2018-10-09T22:56:00","guid":{"rendered":"http:\/\/burnhambox.com\/kuist\/?page_id=14"},"modified":"2025-09-11T15:08:42","modified_gmt":"2025-09-11T15:08:42","slug":"sobre-mim","status":"publish","type":"page","link":"https:\/\/www.rsoliveira.pt\/en\/sobre-mim\/","title":{"rendered":"About me"},"content":{"rendered":"<p style=\"text-align: justify;\">Hi! I'm Ricardo, a web designer and coder. I live in Portugal, but I'm originally from Switzerland. With a degree in Languages and Business Relations, technology and creativity have always fascinated me.<\/p>\n<p style=\"text-align: justify;\">I thrive on transforming ideas into beautiful functional designs that make a lasting impact. From creating compelling brand identities to developing user-friendly websites, I am dedicated to delivering solutions that exceed expectations.<\/p>\n<p style=\"text-align: justify;\" class=\"translation-block\">Over the years, I have had the privilege of working with clients from various industries, including <a href=\"https:\/\/www.youtube.com\/cardosoyt\/streams\" target=\"_self\">Podroast<\/a>, <a href=\"https:\/\/moonlakeit.at\/\" target=\"_self\">MoonlakeIT<\/a> and <a href=\"\/\/clinicaexercicio.pt\/\u2019\" target=\"_self\">Cl\u00ednica do Exerc\u00edcio<\/a>. My approach to design and development is based on collaboration, innovation and attention to detail.<\/p>\n<p style=\"text-align: justify;\">When I'm not immersed in pixels and code, you can find me exploring the vast library of films available or enjoying a good book.<\/p>\n<p style=\"text-align: justify;\">I am excited to connect with other creatives, entrepreneurs, and visionaries. Let's bring your ideas to life and create something extraordinary together!<\/p>\n<table style=\"height: 120px; width: 100%; border-collapse: collapse; border-style: hidden;\">\n<tbody>\n<tr style=\"border-style: none;\">\n<td style=\"width: 50%; height: 120px;\">Branding<br \/>\nCommunication<br \/>\nGraphic Design<br \/>\nEditorial Design<br \/>\nIllustration<\/td>\n<td style=\"width: 50%; height: 120px; text-align: right;\">Web design<br \/>\nSocial media<br \/>\nPictograms<br \/>\nSignage<br \/>\nPackaging<\/td>\n<\/tr>\n<\/tbody>\n<\/table>\n<p><img loading=\"lazy\" decoding=\"async\" class=\"alignright size-full wp-image-17\" src=\"https:\/\/www.rsoliveira.pt\/wp-content\/uploads\/2024\/03\/sign-1.png\" alt=\"\" width=\"120\" height=\"90\" \/><\/p>","protected":false},"excerpt":{"rendered":"<p>Ol\u00e1! Sou o Ricardo, um designer e programador web, moro em Portugal, mas sou natural da Sui\u00e7a. Com forma\u00e7\u00e3o em L\u00ednguas e Rela\u00e7\u00f5es Empresariais, a tecnologia e criatividade sempre me fascinou. Eu prospero ao transformar ideias em designs bonitos e [&hellip;]<\/p>\n","protected":false},"author":1,"featured_media":273,"parent":0,"menu_order":0,"comment_status":"closed","ping_status":"closed","template":"","meta":{"footnotes":""},"class_list":["post-14","page","type-page","status-publish","has-post-thumbnail","hentry"],"_links":{"self":[{"href":"https:\/\/www.rsoliveira.pt\/en\/wp-json\/wp\/v2\/pages\/14","targetHints":{"allow":["GET"]}}],"collection":[{"href":"https:\/\/www.rsoliveira.pt\/en\/wp-json\/wp\/v2\/pages"}],"about":[{"href":"https:\/\/www.rsoliveira.pt\/en\/wp-json\/wp\/v2\/types\/page"}],"author":[{"embeddable":true,"href":"https:\/\/www.rsoliveira.pt\/en\/wp-json\/wp\/v2\/users\/1"}],"replies":[{"embeddable":true,"href":"https:\/\/www.rsoliveira.pt\/en\/wp-json\/wp\/v2\/comments?post=14"}],"version-history":[{"count":24,"href":"https:\/\/www.rsoliveira.pt\/en\/wp-json\/wp\/v2\/pages\/14\/revisions"}],"predecessor-version":[{"id":482,"href":"https:\/\/www.rsoliveira.pt\/en\/wp-json\/wp\/v2\/pages\/14\/revisions\/482"}],"wp:featuredmedia":[{"embeddable":true,"href":"https:\/\/www.rsoliveira.pt\/en\/wp-json\/wp\/v2\/media\/273"}],"wp:attachment":[{"href":"https:\/\/www.rsoliveira.pt\/en\/wp-json\/wp\/v2\/media?parent=14"}],"curies":[{"name":"wp","href":"https:\/\/api.w.org\/{rel}","templated":true}]}}