{"id":3,"date":"2024-03-12T10:53:57","date_gmt":"2024-03-12T10:53:57","guid":{"rendered":"https:\/\/www.rsoliveira.pt\/?page_id=3"},"modified":"2025-09-11T15:03:51","modified_gmt":"2025-09-11T15:03:51","slug":"politica-de-privacidade","status":"publish","type":"page","link":"https:\/\/www.rsoliveira.pt\/en\/politica-de-privacidade\/","title":{"rendered":"Privacy Policy"},"content":{"rendered":"<p>This Privacy Policy describes how RSOliveira (\u201cI\u201d, \u201cme\u201d, \u201cmy\u201d, \u201cwith me\u201d or \u201cmine\u201d) collects, uses and discloses your personal information when you visit my website <a href=\"https:\/\/www.rsoliveira.pt\/en\/\">www.rsoliveira.pt<\/a> (o \u201cSite\u201d).<\/p>\n<h3>Information I collect<\/h3>\n<p>I do not collect any personal information from you when you visit my Website. However, like most website operators, I may collect non-personal information that browsers and servers typically make available, such as browser type, language preference, referring site, and the date and time of each visitor request. My goal in collecting non-personal information is to better understand how visitors use my Website.<\/p>\n<h3>Cookies<\/h3>\n<p>I may use cookies to improve your experience on my Website. A cookie is a small text file that is stored on your computer or mobile device by a website server. I may use cookies for various purposes, including to personalise your experience, analyse usage patterns, and deliver relevant advertisements. You can choose to disable cookies through your browser settings, although some features of the Website may not function properly as a result.<\/p>\n<h3>Third-party services<\/h3>\n<p>My website may contain links to third-party websites or services that are not owned or controlled by me. I have no control over and assume no responsibility for the content, privacy policies, or practices of any third-party websites or services. I recommend that you review the privacy policies of any third-party websites or services you visit.<\/p>\n<h3>Changes to this Privacy Policy<\/h3>\n<p>I may update my Privacy Policy from time to time. I will notify you of any changes by posting the new Privacy Policy on this page. You are advised to review this Privacy Policy periodically for any changes.<\/p>\n<h3>Get in touch with me<\/h3>\n<p>If you have any questions about this Privacy Policy, please contact me by email at <a href=\"mailto:geral@rsoliveira.pt\">geral@rsoliveira.pt<\/a>.<\/p>\n<p>&nbsp;<\/p>","protected":false},"excerpt":{"rendered":"<p>Esta Pol\u00edtica de Privacidade descreve como RSOliveira (\u201ceu\u201d, \u201cmim&#8221;, &#8220;minha\u201d, &#8220;comigo&#8221; ou \u2018meu\u2019) recolhe, utiliza e divulga as suas informa\u00e7\u00f5es pessoais quando visita o meu site www.rsoliveira.pt (o \u201cSite\u201d). Informa\u00e7\u00f5es que recolho N\u00e3o recolho quaisquer informa\u00e7\u00f5es pessoais suas quando visita [&hellip;]<\/p>\n","protected":false},"author":1,"featured_media":0,"parent":0,"menu_order":0,"comment_status":"closed","ping_status":"open","template":"","meta":{"footnotes":""},"class_list":["post-3","page","type-page","status-publish","hentry"],"_links":{"self":[{"href":"https:\/\/www.rsoliveira.pt\/en\/wp-json\/wp\/v2\/pages\/3","targetHints":{"allow":["GET"]}}],"collection":[{"href":"https:\/\/www.rsoliveira.pt\/en\/wp-json\/wp\/v2\/pages"}],"about":[{"href":"https:\/\/www.rsoliveira.pt\/en\/wp-json\/wp\/v2\/types\/page"}],"author":[{"embeddable":true,"href":"https:\/\/www.rsoliveira.pt\/en\/wp-json\/wp\/v2\/users\/1"}],"replies":[{"embeddable":true,"href":"https:\/\/www.rsoliveira.pt\/en\/wp-json\/wp\/v2\/comments?post=3"}],"version-history":[{"count":6,"href":"https:\/\/www.rsoliveira.pt\/en\/wp-json\/wp\/v2\/pages\/3\/revisions"}],"predecessor-version":[{"id":481,"href":"https:\/\/www.rsoliveira.pt\/en\/wp-json\/wp\/v2\/pages\/3\/revisions\/481"}],"wp:attachment":[{"href":"https:\/\/www.rsoliveira.pt\/en\/wp-json\/wp\/v2\/media?parent=3"}],"curies":[{"name":"wp","href":"https:\/\/api.w.org\/{rel}","templated":true}]}}